{"id":1115,"date":"2022-08-18T15:01:44","date_gmt":"2022-08-18T13:01:44","guid":{"rendered":"https:\/\/www.assoshipping.it\/news\/"},"modified":"2022-09-20T16:20:37","modified_gmt":"2022-09-20T14:20:37","slug":"news","status":"publish","type":"page","link":"https:\/\/www.assoshipping.it\/en\/news\/","title":{"rendered":"News"},"content":{"rendered":"\t\t<div data-elementor-type=\"wp-page\" data-elementor-id=\"1115\" class=\"elementor elementor-1115 elementor-665\">\n\t\t\t\t\t\t\t\t\t<section class=\"elementor-section elementor-top-section elementor-element elementor-element-6717cfa5 elementor-section-boxed elementor-section-height-default elementor-section-height-default\" data-id=\"6717cfa5\" data-element_type=\"section\" data-settings=\"{&quot;background_background&quot;:&quot;classic&quot;}\">\n\t\t\t\t\t\t\t<div class=\"elementor-background-overlay\"><\/div>\n\t\t\t\t\t\t\t<div class=\"elementor-container elementor-column-gap-default\">\n\t\t\t\t\t<div class=\"elementor-column elementor-col-100 elementor-top-column elementor-element elementor-element-58921e5b\" data-id=\"58921e5b\" data-element_type=\"column\">\n\t\t\t<div class=\"elementor-widget-wrap elementor-element-populated\">\n\t\t\t\t\t\t\t\t<div class=\"elementor-element elementor-element-f356e44 elementor-absolute elementor-invisible elementor-widget elementor-widget-heading\" data-id=\"f356e44\" data-element_type=\"widget\" data-settings=\"{&quot;_position&quot;:&quot;absolute&quot;,&quot;_animation&quot;:&quot;zoomIn&quot;}\" data-widget_type=\"heading.default\">\n\t\t\t\t<div class=\"elementor-widget-container\">\n\t\t\t<style>\/*! elementor - v3.16.0 - 20-09-2023 *\/\n.elementor-heading-title{padding:0;margin:0;line-height:1}.elementor-widget-heading .elementor-heading-title[class*=elementor-size-]>a{color:inherit;font-size:inherit;line-height:inherit}.elementor-widget-heading .elementor-heading-title.elementor-size-small{font-size:15px}.elementor-widget-heading .elementor-heading-title.elementor-size-medium{font-size:19px}.elementor-widget-heading .elementor-heading-title.elementor-size-large{font-size:29px}.elementor-widget-heading .elementor-heading-title.elementor-size-xl{font-size:39px}.elementor-widget-heading .elementor-heading-title.elementor-size-xxl{font-size:59px}<\/style><div class=\"elementor-heading-title elementor-size-default\">News<\/div>\t\t<\/div>\n\t\t\t\t<\/div>\n\t\t\t\t<section class=\"elementor-section elementor-inner-section elementor-element elementor-element-372d3abd elementor-section-boxed elementor-section-height-default elementor-section-height-default\" data-id=\"372d3abd\" data-element_type=\"section\">\n\t\t\t\t\t\t<div class=\"elementor-container elementor-column-gap-default\">\n\t\t\t\t\t<div class=\"elementor-column elementor-col-100 elementor-inner-column elementor-element elementor-element-1c2ed0fe\" data-id=\"1c2ed0fe\" data-element_type=\"column\">\n\t\t\t<div class=\"elementor-widget-wrap elementor-element-populated\">\n\t\t\t\t\t\t\t\t<div class=\"elementor-element elementor-element-b54354b elementor-icon-list--layout-inline elementor-align-center elementor-list-item-link-full_width elementor-widget elementor-widget-icon-list\" data-id=\"b54354b\" data-element_type=\"widget\" data-widget_type=\"icon-list.default\">\n\t\t\t\t<div class=\"elementor-widget-container\">\n\t\t\t<link rel=\"stylesheet\" href=\"https:\/\/www.assoshipping.it\/wp-content\/plugins\/elementor\/assets\/css\/widget-icon-list.min.css\">\t\t<ul class=\"elementor-icon-list-items elementor-inline-items\">\n\t\t\t\t\t\t\t<li class=\"elementor-icon-list-item elementor-inline-item\">\n\t\t\t\t\t\t\t\t\t\t<span class=\"elementor-icon-list-text\">News<\/span>\n\t\t\t\t\t\t\t\t\t<\/li>\n\t\t\t\t\t\t<\/ul>\n\t\t\t\t<\/div>\n\t\t\t\t<\/div>\n\t\t\t\t\t<\/div>\n\t\t<\/div>\n\t\t\t\t\t\t\t<\/div>\n\t\t<\/section>\n\t\t\t\t\t<\/div>\n\t\t<\/div>\n\t\t\t\t\t\t\t<\/div>\n\t\t<\/section>\n\t\t\t\t<section class=\"elementor-section elementor-top-section elementor-element elementor-element-7977c4ae elementor-section-boxed elementor-section-height-default elementor-section-height-default\" data-id=\"7977c4ae\" data-element_type=\"section\">\n\t\t\t\t\t\t<div class=\"elementor-container elementor-column-gap-default\">\n\t\t\t\t\t<div class=\"elementor-column elementor-col-100 elementor-top-column elementor-element elementor-element-53bdb3b0\" data-id=\"53bdb3b0\" data-element_type=\"column\">\n\t\t\t<div class=\"elementor-widget-wrap elementor-element-populated\">\n\t\t\t\t\t\t\t\t<div class=\"elementor-element elementor-element-d0402e5 elementor-widget elementor-widget-elementskit-blog-posts\" data-id=\"d0402e5\" data-element_type=\"widget\" data-settings=\"{&quot;_animation&quot;:&quot;none&quot;}\" data-widget_type=\"elementskit-blog-posts.default\">\n\t\t\t\t<div class=\"elementor-widget-container\">\n\t\t\t<div class=\"ekit-wid-con\" >        <div id=\"post-items--d0402e5\" class=\"row post-items\">\n                    <div class=\"col-lg-4 col-md-6\">\n\n                                    <div class=\"elementskit-post-image-card\">\n                        <div class=\"elementskit-entry-header\">\n                                                            <a href=\"https:\/\/www.assoshipping.it\/en\/capraia\/\" class=\"elementskit-entry-thumb\">\n                                    <img decoding=\"async\" src=\"https:\/\/www.assoshipping.it\/wp-content\/uploads\/2022\/08\/isola-di-capraia-1-Grande-1-1024x446.jpg\" alt=\"Capraia\">\n                                <\/a><!-- .elementskit-entry-thumb END -->\n                                                            \n                            \n\t\t\t\t\t\t\t\t\t\t\t\t\t<\/div><!-- .elementskit-entry-header END -->\n\n\t\t\t\t\t\t<div class=\"elementskit-post-body \">\n\t\t\t\t\t\t\t\n\t\t\t\t\t\t\t\t\t\t\t\t\t\t\t\t\t\t\t\t\t\t\t\t\t\t\t\t\t\t\n\t\t\t\t\t\t\t\t\n\t\t\t\t\t\t\t\t\t\t\t\t\t\t\t\t\t\t\t\t\t<h2 class=\"entry-title\">\n\t\t\t\t\t<a href=\"https:\/\/www.assoshipping.it\/en\/capraia\/\">\n\t\t\t\t\t\tCapraia\t\t\t\t\t<\/a>\n\t\t\t\t<\/h2>\n\t\t\t\t\t\t\t\t\t\t\t\t\t\t\t\t\t\t\t\t\t\t\t\t\t\t\t\t\t\t\t\t\t\t\t\t\t\t\t\t\t\t<p>news aggiornamenti novita&#8217; Capraia L\u2019Isola che non c&#8217;\u00e8 Capraia sfodera il suo fascino pi\u00f9 misterioso: cos\u00ec vuota e malinconica, eppure piena di energia vitale. Ci si addormenta ascoltando il vento che fa fremere le imposte e infrangere il mare sugli scogli. D\u2019estate, indimenticabile,\u00a0il profumo.\u00a0Una miscela magica di macchia mediterranea, salsedine, pini marittimi e l\u2019odore dolce [&hellip;]<\/p>\n\t\t\t\t\t\t\t\t\t\t\t\t\t\t\t\t\t\t\t\t\t\t                                                            <div class=\"btn-wraper\">\n                                    \n                                                                            <a href=\"https:\/\/www.assoshipping.it\/en\/capraia\/\" class=\"elementskit-btn  whitespace--normal\" >\n                                                                                    read more                                        <\/a>\n                                                                    <\/div>\n                                                    <\/div><!-- .elementskit-post-body END -->\n                    <\/div>\n                \n            <\/div>\n                    <div class=\"col-lg-4 col-md-6\">\n\n                                    <div class=\"elementskit-post-image-card\">\n                        <div class=\"elementskit-entry-header\">\n                                                            <a href=\"https:\/\/www.assoshipping.it\/en\/what-to-see-in-porto-azzurro\/\" class=\"elementskit-entry-thumb\">\n                                    <img decoding=\"async\" src=\"https:\/\/www.assoshipping.it\/wp-content\/uploads\/2022\/08\/porto-azzurro-resize-1024x683.jpg\" alt=\"What to see in Porto Azzurro\">\n                                <\/a><!-- .elementskit-entry-thumb END -->\n                                                            \n                            \n\t\t\t\t\t\t\t\t\t\t\t\t\t<\/div><!-- .elementskit-entry-header END -->\n\n\t\t\t\t\t\t<div class=\"elementskit-post-body \">\n\t\t\t\t\t\t\t\n\t\t\t\t\t\t\t\t\t\t\t\t\t\t\t\t\t\t\t\t\t\t\t\t\t\t\t\t\t\t\n\t\t\t\t\t\t\t\t\n\t\t\t\t\t\t\t\t\t\t\t\t\t\t\t\t\t\t\t\t\t<h2 class=\"entry-title\">\n\t\t\t\t\t<a href=\"https:\/\/www.assoshipping.it\/en\/what-to-see-in-porto-azzurro\/\">\n\t\t\t\t\t\tWhat to see in Porto Azzurro\t\t\t\t\t<\/a>\n\t\t\t\t<\/h2>\n\t\t\t\t\t\t\t\t\t\t\t\t\t\t\t\t\t\t\t\t\t\t\t\t\t\t\t\t\t\t\t\t\t\t\t\t\t\t\t\t\t\t<p>news aggiornamenti novita&#8217; Cosa vedere a Porto Azzurro Punti panoramici, passeggiate e attrazioni di Porto Azzurro. La piazza Matteotti, la piazza pi\u00f9 bella dell&#8217;Isola d&#8217;Elba e tra le pi\u00f9 belle d&#8217;Italia, famosa come punto d&#8217;incontro per romantiche passeggiate e shopping. Nella piazza durante l&#8217;estate e non solo, si svolgono numerose manifestazioni, storiche, gastronomiche, culturali e [&hellip;]<\/p>\n\t\t\t\t\t\t\t\t\t\t\t\t\t\t\t\t\t\t\t\t\t\t                                                            <div class=\"btn-wraper\">\n                                    \n                                                                            <a href=\"https:\/\/www.assoshipping.it\/en\/what-to-see-in-porto-azzurro\/\" class=\"elementskit-btn  whitespace--normal\" >\n                                                                                    read more                                        <\/a>\n                                                                    <\/div>\n                                                    <\/div><!-- .elementskit-post-body END -->\n                    <\/div>\n                \n            <\/div>\n                    <div class=\"col-lg-4 col-md-6\">\n\n                                    <div class=\"elementskit-post-image-card\">\n                        <div class=\"elementskit-entry-header\">\n                                                            <a href=\"https:\/\/www.assoshipping.it\/en\/visit-to-pianosa\/\" class=\"elementskit-entry-thumb\">\n                                    <img decoding=\"async\" src=\"https:\/\/www.assoshipping.it\/wp-content\/uploads\/2022\/08\/PIANOSA-1024x640.jpeg\" alt=\"Visit to Pianosa\">\n                                <\/a><!-- .elementskit-entry-thumb END -->\n                                                            \n                            \n\t\t\t\t\t\t\t\t\t\t\t\t\t<\/div><!-- .elementskit-entry-header END -->\n\n\t\t\t\t\t\t<div class=\"elementskit-post-body \">\n\t\t\t\t\t\t\t\n\t\t\t\t\t\t\t\t\t\t\t\t\t\t\t\t\t\t\t\t\t\t\t\t\t\t\t\t\t\t\n\t\t\t\t\t\t\t\t\n\t\t\t\t\t\t\t\t\t\t\t\t\t\t\t\t\t\t\t\t\t<h2 class=\"entry-title\">\n\t\t\t\t\t<a href=\"https:\/\/www.assoshipping.it\/en\/visit-to-pianosa\/\">\n\t\t\t\t\t\tVisit to Pianosa\t\t\t\t\t<\/a>\n\t\t\t\t<\/h2>\n\t\t\t\t\t\t\t\t\t\t\t\t\t\t\t\t\t\t\t\t\t\t\t\t\t\t\t\t\t\t\t\t\t\t\t\t\t\t\t\t\t\t<p>news aggiornamenti novita&#8217; Visita a Pianosa L\u2019Isola di Pianosa Pianosa con i suoi 10,2 kmq \u00e8 per estensione la quinta isola dell&#8217;Arcipelago. Frequentata dall&#8217;uomo preistorico e dai pi\u00f9 antichi navigatori presenta testimonianze del neolitico, dell&#8217;eneolitico e dell&#8217;eta&#8217;del Bronzo. Sede di strutture residenziali marittime di epoca romana, nel periodo imperiale fu luogo d&#8217;esilio di Postumio Agrippa, [&hellip;]<\/p>\n\t\t\t\t\t\t\t\t\t\t\t\t\t\t\t\t\t\t\t\t\t\t                                                            <div class=\"btn-wraper\">\n                                    \n                                                                            <a href=\"https:\/\/www.assoshipping.it\/en\/visit-to-pianosa\/\" class=\"elementskit-btn  whitespace--normal\" >\n                                                                                    read more                                        <\/a>\n                                                                    <\/div>\n                                                    <\/div><!-- .elementskit-post-body END -->\n                    <\/div>\n                \n            <\/div>\n                <\/div>\n       <\/div>\t\t<\/div>\n\t\t\t\t<\/div>\n\t\t\t\t\t<\/div>\n\t\t<\/div>\n\t\t\t\t\t\t\t<\/div>\n\t\t<\/section>\n\t\t\t\t\t\t\t<\/div>\n\t\t","protected":false},"excerpt":{"rendered":"<p>News News Capraia news aggiornamenti novita\u2019 Capraia L\u2019Isola che non c\u2019\u00e8 Capraia sfodera il suo fascino pi\u00f9 misterioso: cos\u00ec vuota e malinconica, eppure piena di energia vitale. Ci si addormenta ascoltando il vento che fa fremere le imposte e infrangere il mare sugli scogli. D\u2019estate, indimenticabile,&nbsp;il profumo.&nbsp;Una miscela magica di macchia mediterranea, salsedine, pini marittimi [&hellip;]<\/p>\n","protected":false},"author":1,"featured_media":0,"parent":0,"menu_order":0,"comment_status":"closed","ping_status":"closed","template":"","meta":{"footnotes":""},"class_list":["post-1115","page","type-page","status-publish","hentry"],"yoast_head":"<!-- This site is optimized with the Yoast SEO plugin v21.2 - https:\/\/yoast.com\/wordpress\/plugins\/seo\/ -->\n<title>News Assoshipping | Elba Ship and Yacht Agent | Portoferraio Elba Island<\/title>\n<meta name=\"description\" content=\"Founded in 1984 from an idea of \u200b\u200bCapt. Mario LANERA, current owner, the ASSOSHIPPING Agency can boast many years of experience in the maritime field, synonymous with an efficient and professional service.\" \/>\n<meta name=\"robots\" content=\"index, follow, max-snippet:-1, max-image-preview:large, max-video-preview:-1\" \/>\n<link rel=\"canonical\" href=\"https:\/\/www.assoshipping.it\/en\/news\/\" \/>\n<meta property=\"og:locale\" content=\"en_US\" \/>\n<meta property=\"og:type\" content=\"article\" \/>\n<meta property=\"og:title\" content=\"News Assoshipping | Elba Ship and Yacht Agent | Portoferraio Elba Island\" \/>\n<meta property=\"og:description\" content=\"Founded in 1984 from an idea of \u200b\u200bCapt. Mario LANERA, current owner, the ASSOSHIPPING Agency can boast many years of experience in the maritime field, synonymous with an efficient and professional service.\" \/>\n<meta property=\"og:url\" content=\"https:\/\/www.assoshipping.it\/en\/news\/\" \/>\n<meta property=\"og:site_name\" content=\"Assoshipping\" \/>\n<meta property=\"article:modified_time\" content=\"2022-09-20T14:20:37+00:00\" \/>\n<meta property=\"og:image\" content=\"https:\/\/www.assoshipping.it\/wp-content\/uploads\/2022\/08\/isola-di-capraia-1-Grande-1-1024x446.jpg\" \/>\n<meta name=\"twitter:card\" content=\"summary_large_image\" \/>\n<meta name=\"twitter:label1\" content=\"Est. reading time\" \/>\n\t<meta name=\"twitter:data1\" content=\"2 minutes\" \/>\n<script type=\"application\/ld+json\" class=\"yoast-schema-graph\">{\"@context\":\"https:\/\/schema.org\",\"@graph\":[{\"@type\":\"WebPage\",\"@id\":\"https:\/\/www.assoshipping.it\/en\/news\/\",\"url\":\"https:\/\/www.assoshipping.it\/en\/news\/\",\"name\":\"News Assoshipping | Elba Ship and Yacht Agent | Portoferraio Elba Island\",\"isPartOf\":{\"@id\":\"https:\/\/www.assoshipping.it\/en\/#website\"},\"datePublished\":\"2022-08-18T13:01:44+00:00\",\"dateModified\":\"2022-09-20T14:20:37+00:00\",\"description\":\"Founded in 1984 from an idea of \u200b\u200bCapt. Mario LANERA, current owner, the ASSOSHIPPING Agency can boast many years of experience in the maritime field, synonymous with an efficient and professional service.\",\"breadcrumb\":{\"@id\":\"https:\/\/www.assoshipping.it\/en\/news\/#breadcrumb\"},\"inLanguage\":\"en-US\",\"potentialAction\":[{\"@type\":\"ReadAction\",\"target\":[\"https:\/\/www.assoshipping.it\/en\/news\/\"]}]},{\"@type\":\"BreadcrumbList\",\"@id\":\"https:\/\/www.assoshipping.it\/en\/news\/#breadcrumb\",\"itemListElement\":[{\"@type\":\"ListItem\",\"position\":1,\"name\":\"Home\",\"item\":\"https:\/\/www.assoshipping.it\/en\/\"},{\"@type\":\"ListItem\",\"position\":2,\"name\":\"News\"}]},{\"@type\":\"WebSite\",\"@id\":\"https:\/\/www.assoshipping.it\/en\/#website\",\"url\":\"https:\/\/www.assoshipping.it\/en\/\",\"name\":\"Assoshipping\",\"description\":\"Un nuovo sito targato WordPress\",\"publisher\":{\"@id\":\"https:\/\/www.assoshipping.it\/en\/#organization\"},\"potentialAction\":[{\"@type\":\"SearchAction\",\"target\":{\"@type\":\"EntryPoint\",\"urlTemplate\":\"https:\/\/www.assoshipping.it\/en\/?s={search_term_string}\"},\"query-input\":\"required name=search_term_string\"}],\"inLanguage\":\"en-US\"},{\"@type\":\"Organization\",\"@id\":\"https:\/\/www.assoshipping.it\/en\/#organization\",\"name\":\"Assoshipping\",\"url\":\"https:\/\/www.assoshipping.it\/en\/\",\"logo\":{\"@type\":\"ImageObject\",\"inLanguage\":\"en-US\",\"@id\":\"https:\/\/www.assoshipping.it\/en\/#\/schema\/logo\/image\/\",\"url\":\"https:\/\/www.assoshipping.it\/wp-content\/uploads\/2022\/08\/Logo-Mobile-Blue.png\",\"contentUrl\":\"https:\/\/www.assoshipping.it\/wp-content\/uploads\/2022\/08\/Logo-Mobile-Blue.png\",\"width\":559,\"height\":58,\"caption\":\"Assoshipping\"},\"image\":{\"@id\":\"https:\/\/www.assoshipping.it\/en\/#\/schema\/logo\/image\/\"}}]}<\/script>\n<!-- \/ Yoast SEO plugin. -->","yoast_head_json":{"title":"News Assoshipping | Elba Ship and Yacht Agent | Portoferraio Elba Island","description":"Founded in 1984 from an idea of \u200b\u200bCapt. Mario LANERA, current owner, the ASSOSHIPPING Agency can boast many years of experience in the maritime field, synonymous with an efficient and professional service.","robots":{"index":"index","follow":"follow","max-snippet":"max-snippet:-1","max-image-preview":"max-image-preview:large","max-video-preview":"max-video-preview:-1"},"canonical":"https:\/\/www.assoshipping.it\/en\/news\/","og_locale":"en_US","og_type":"article","og_title":"News Assoshipping | Elba Ship and Yacht Agent | Portoferraio Elba Island","og_description":"Founded in 1984 from an idea of \u200b\u200bCapt. Mario LANERA, current owner, the ASSOSHIPPING Agency can boast many years of experience in the maritime field, synonymous with an efficient and professional service.","og_url":"https:\/\/www.assoshipping.it\/en\/news\/","og_site_name":"Assoshipping","article_modified_time":"2022-09-20T14:20:37+00:00","og_image":[{"url":"https:\/\/www.assoshipping.it\/wp-content\/uploads\/2022\/08\/isola-di-capraia-1-Grande-1-1024x446.jpg"}],"twitter_card":"summary_large_image","twitter_misc":{"Est. reading time":"2 minutes"},"schema":{"@context":"https:\/\/schema.org","@graph":[{"@type":"WebPage","@id":"https:\/\/www.assoshipping.it\/en\/news\/","url":"https:\/\/www.assoshipping.it\/en\/news\/","name":"News Assoshipping | Elba Ship and Yacht Agent | Portoferraio Elba Island","isPartOf":{"@id":"https:\/\/www.assoshipping.it\/en\/#website"},"datePublished":"2022-08-18T13:01:44+00:00","dateModified":"2022-09-20T14:20:37+00:00","description":"Founded in 1984 from an idea of \u200b\u200bCapt. Mario LANERA, current owner, the ASSOSHIPPING Agency can boast many years of experience in the maritime field, synonymous with an efficient and professional service.","breadcrumb":{"@id":"https:\/\/www.assoshipping.it\/en\/news\/#breadcrumb"},"inLanguage":"en-US","potentialAction":[{"@type":"ReadAction","target":["https:\/\/www.assoshipping.it\/en\/news\/"]}]},{"@type":"BreadcrumbList","@id":"https:\/\/www.assoshipping.it\/en\/news\/#breadcrumb","itemListElement":[{"@type":"ListItem","position":1,"name":"Home","item":"https:\/\/www.assoshipping.it\/en\/"},{"@type":"ListItem","position":2,"name":"News"}]},{"@type":"WebSite","@id":"https:\/\/www.assoshipping.it\/en\/#website","url":"https:\/\/www.assoshipping.it\/en\/","name":"Assoshipping","description":"Un nuovo sito targato WordPress","publisher":{"@id":"https:\/\/www.assoshipping.it\/en\/#organization"},"potentialAction":[{"@type":"SearchAction","target":{"@type":"EntryPoint","urlTemplate":"https:\/\/www.assoshipping.it\/en\/?s={search_term_string}"},"query-input":"required name=search_term_string"}],"inLanguage":"en-US"},{"@type":"Organization","@id":"https:\/\/www.assoshipping.it\/en\/#organization","name":"Assoshipping","url":"https:\/\/www.assoshipping.it\/en\/","logo":{"@type":"ImageObject","inLanguage":"en-US","@id":"https:\/\/www.assoshipping.it\/en\/#\/schema\/logo\/image\/","url":"https:\/\/www.assoshipping.it\/wp-content\/uploads\/2022\/08\/Logo-Mobile-Blue.png","contentUrl":"https:\/\/www.assoshipping.it\/wp-content\/uploads\/2022\/08\/Logo-Mobile-Blue.png","width":559,"height":58,"caption":"Assoshipping"},"image":{"@id":"https:\/\/www.assoshipping.it\/en\/#\/schema\/logo\/image\/"}}]}},"_links":{"self":[{"href":"https:\/\/www.assoshipping.it\/en\/wp-json\/wp\/v2\/pages\/1115","targetHints":{"allow":["GET"]}}],"collection":[{"href":"https:\/\/www.assoshipping.it\/en\/wp-json\/wp\/v2\/pages"}],"about":[{"href":"https:\/\/www.assoshipping.it\/en\/wp-json\/wp\/v2\/types\/page"}],"author":[{"embeddable":true,"href":"https:\/\/www.assoshipping.it\/en\/wp-json\/wp\/v2\/users\/1"}],"replies":[{"embeddable":true,"href":"https:\/\/www.assoshipping.it\/en\/wp-json\/wp\/v2\/comments?post=1115"}],"version-history":[{"count":11,"href":"https:\/\/www.assoshipping.it\/en\/wp-json\/wp\/v2\/pages\/1115\/revisions"}],"predecessor-version":[{"id":1578,"href":"https:\/\/www.assoshipping.it\/en\/wp-json\/wp\/v2\/pages\/1115\/revisions\/1578"}],"wp:attachment":[{"href":"https:\/\/www.assoshipping.it\/en\/wp-json\/wp\/v2\/media?parent=1115"}],"curies":[{"name":"wp","href":"https:\/\/api.w.org\/{rel}","templated":true}]}}